{"id":21940,"date":"2023-10-12T14:35:03","date_gmt":"2023-10-12T11:35:03","guid":{"rendered":"https:\/\/med-mm.ua\/product\/elektrokardiograf-be-300-3-kanalnyj-color\/"},"modified":"2024-08-07T12:54:07","modified_gmt":"2024-08-07T09:54:07","slug":"elektrokardiograf-be-300-3-kanalnyj-color","status":"publish","type":"product","link":"https:\/\/med-mm.ua\/uk\/product\/elektrokardiograf-be-300-3-kanalnyj-color\/","title":{"rendered":"\u0415\u043b\u0435\u043a\u0442\u0440\u043e\u043a\u0430\u0440\u0434\u0456\u043e\u0433\u0440\u0430\u0444 BE 300, 3-\u043a\u0430\u043d\u0430\u043b\u044c\u043d\u0438\u0439 (color)"},"content":{"rendered":"<p><strong>\u0415\u043b\u0435\u043a\u0442\u0440\u043e\u043a\u0430\u0440\u0434\u0456\u043e\u0433\u0440\u0430\u0444&nbsp;\u0412\u0415300 &#8211;<\/strong> \u0442\u0440\u0438\u043a\u0430\u043d\u0430\u043b\u044c\u043d\u0438\u0439 \u0435\u043b\u0435\u043a\u0442\u0440\u043e\u043a\u0430\u0440\u0434\u0456\u043e\u0433\u0440\u0430\u0444 \u043f\u0440\u0438\u0437\u043d\u0430\u0447\u0435\u043d\u0438\u0439 \u0434\u043b\u044f \u0437\u0430\u0441\u0442\u043e\u0441\u0443\u0432\u0430\u043d\u043d\u044f \u0443 \u0432\u0456\u0434\u0434\u0456\u043b\u0435\u043d\u043d\u044f\u0445 \u0444\u0443\u043d\u043a\u0446\u0456\u043e\u043d\u0430\u043b\u044c\u043d\u043e\u0457 \u0434\u0456\u0430\u0433\u043d\u043e\u0441\u0442\u0438\u043a\u0438, \u043a\u0430\u0440\u0434\u0456\u043e\u043b\u043e\u0433\u0456\u0447\u043d\u0438\u0445 \u0432\u0456\u0434\u0434\u0456\u043b\u0435\u043d\u043d\u044f\u0445 \u0442\u0430 \u0432\u0456\u0434\u0434\u0456\u043b\u0435\u043d\u043d\u044f\u0445 \u0456\u043d\u0442\u0435\u043d\u0441\u0438\u0432\u043d\u043e\u0457 \u0442\u0435\u0440\u0430\u043f\u0456\u0457 \u043b\u0456\u043a\u0430\u0440\u0435\u043d\u044c \u0442\u0430 \u043f\u043e\u043b\u0456\u043a\u043b\u0456\u043d\u0456\u043a.<br \/>\u041a\u043e\u043b\u044c\u043e\u0440\u043e\u0432\u0438\u0439 \u0420\u041a \u0434\u0438\u0441\u043f\u043b\u0435\u0439 (\u0440\u043e\u0437\u0434\u0456\u043b\u044c\u043d\u0430 \u0437\u0434\u0430\u0442\u043d\u0456\u0441\u0442\u044c 320 \u00d7 240). \u041e\u0434\u043d\u043e\u0447\u0430\u0441\u043d\u0435 \u0432\u0456\u0434\u043e\u0431\u0440\u0430\u0436\u0435\u043d\u043d\u044f \u0442\u0440\u044c\u043e\u0445 \u043a\u0430\u043d\u0430\u043b\u0456\u0432 \u0415\u041a\u0413 \u043d\u0430 \u0435\u043a\u0440\u0430\u043d\u0456 \u043f\u0440\u0438\u043b\u0430\u0434\u0443. \u0412\u0456\u0434\u043e\u0431\u0440\u0430\u0436\u0435\u043d\u043d\u044f \u0433\u0440\u0430\u0444\u0456\u0447\u043d\u043e\u0457 \u0456\u043d\u0444\u043e\u0440\u043c\u0430\u0446\u0456\u0439\u043d\u043e\u0457 \u0441\u0445\u0435\u043c\u0438 \u043f\u0456\u0434\u043a\u043b\u044e\u0447\u0435\u043d\u043d\u044f \u0435\u043b\u0435\u043a\u0442\u0440\u043e\u0434\u0456\u0432 \u0434\u043e \u043f\u0430\u0446\u0456\u0454\u043d\u0442\u0430 \u0442\u0430 \u043d\u0430\u0434\u0456\u0439\u043d\u043e\u0441\u0442\u0456 \u043a\u043e\u043d\u0442\u0430\u043a\u0442\u0456\u0432 \u0432\u0456\u0434\u0432\u043e\u0434\u0456\u0432 \u043d\u0430 \u0435\u043a\u0440\u0430\u043d\u0456 \u043f\u0440\u0438\u043b\u0430\u0434\u0443.<br \/>\u0422\u0435\u0440\u043c\u043e\u043f\u0440\u0438\u043d\u0442\u0435\u0440 \u0432\u0438\u0441\u043e\u043a\u043e\u0457 \u0440\u043e\u0437\u0434\u0456\u043b\u044c\u043d\u043e\u0457 \u0437\u0434\u0430\u0442\u043d\u043e\u0441\u0442\u0456, \u0442\u0435\u0440\u043c\u043e\u0434\u0440\u0443\u043a 8 \u0442\u043e\u0447\u043e\u043a\/\u043c\u043c (\u043f\u043e \u0432\u0435\u0440\u0442\u0438\u043a\u0430\u043b\u0456), 40 \u0442\u043e\u0447\u043e\u043a\/\u043c\u043c (\u043f\u043e \u0433\u043e\u0440\u0438\u0437\u043e\u043d\u0442\u0430\u043b\u0456), \u0448\u0438\u0440\u0438\u043d\u0430 \u043f\u0430\u043f\u0435\u0440\u0443 80\u043c\u043c. \u0424\u043e\u0440\u043c\u0430\u0442\u0438 \u0434\u0440\u0443\u043a\u0443 1\u00d712 1\u00d712+1R, 3\u00d74, 3\u00d74+1R.<br \/>\u0421\u0438\u043d\u0445\u0440\u043e\u043d\u043d\u0430 \u0440\u0435\u0454\u0441\u0442\u0440\u0430\u0446\u0456\u044f \u043f\u043e 12 \u0432\u0456\u0434\u0432\u0435\u0434\u0435\u043d\u043d\u044f\u043c \u0442\u0430 \u0441\u0438\u043d\u0445\u0440\u043e\u043d\u043d\u0435 \u043f\u043e\u0441\u0438\u043b\u0435\u043d\u043d\u044f \u0415\u041a\u0413-\u0441\u0438\u0433\u043d\u0430\u043b\u0456\u0432.<br \/>\u0421\u043f\u0435\u0446\u0456\u0430\u043b\u044c\u043d\u0456 \u0446\u0438\u0444\u0440\u043e\u0432\u0456 \u0444\u0456\u043b\u044c\u0442\u0440\u0438 \u0432\u0438\u0441\u043e\u043a\u043e\u0457 \u0447\u0443\u0442\u043b\u0438\u0432\u043e\u0441\u0442\u0456 \u0434\u043b\u044f \u0443\u0441\u0443\u043d\u0435\u043d\u043d\u044f \u043f\u0435\u0440\u0435\u0448\u043a\u043e\u0434.<br \/>\u0420\u0435\u0436\u0438\u043c\u0438 \u0440\u043e\u0431\u043e\u0442\u0438: \u0410\u0432\u0442\u043e\u043c\u0430\u0442\u0438\u0447\u043d\u0438\u0439, \u0440\u0443\u0447\u043d\u0438\u0439 \u0442\u0430 \u0440\u0438\u0442\u043c.<br \/>\u0410\u0432\u0442\u043e\u043c\u0430\u0442\u0438\u0447\u043d\u0435 \u043d\u0430\u043b\u0430\u0448\u0442\u0443\u0432\u0430\u043d\u043d\u044f \u0456\u0437\u043e\u043b\u0456\u043d\u0456\u0457 \u0434\u043b\u044f \u043e\u043f\u0442\u0438\u043c\u0430\u043b\u044c\u043d\u043e\u0457 \u0440\u0435\u0454\u0441\u0442\u0440\u0430\u0446\u0456\u0457 \u0441\u0438\u0433\u043d\u0430\u043b\u0456\u0432.<br \/>\u0406\u043d\u0444\u043e\u0440\u043c\u0430\u0446\u0456\u0439\u043d\u0456 \u043f\u043e\u0432\u0456\u0434\u043e\u043c\u043b\u0435\u043d\u043d\u044f \u043f\u0440\u043e \u0432\u0456\u0434\u043a\u043b\u044e\u0447\u0435\u043d\u043d\u044f \u0432\u0456\u0434\u0432\u043e\u0434\u0456\u0432, \u0432\u0456\u0434\u0441\u0443\u0442\u043d\u0456\u0441\u0442\u044c \u043f\u0430\u043f\u0435\u0440\u0443, \u043d\u0438\u0437\u044c\u043a\u0438\u0439 \u0437\u0430\u0440\u044f\u0434 \u0431\u0430\u0442\u0430\u0440\u0435\u0457 \u0442\u043e\u0449\u043e.<br \/>\u0412\u043d\u0443\u0442\u0440\u0456\u0448\u043d\u044f \u043f\u0430\u043c&#8217;\u044f\u0442\u044c 250 \u0437\u0430\u043f\u0438\u0441\u0456\u0432, \u043c\u043e\u0436\u043b\u0438\u0432\u0456\u0441\u0442\u044c \u0437\u0431\u0435\u0440\u0435\u0436\u0435\u043d\u043d\u044f \u0415\u041a\u0413-\u0437\u0430\u043f\u0438\u0441\u0456\u0432 \u0443 \u043f\u0430\u043c&#8217;\u044f\u0442\u0456 \u043f\u0440\u0438\u043b\u0430\u0434\u0443 \u0431\u0435\u0437 \u0434\u0440\u0443\u043a\u0443 \u043d\u0430 \u0442\u0435\u0440\u043c\u043e\u043f\u0430\u043f\u0435\u0440\u0456.<br \/>\u0421\u0442\u0430\u043d\u0434\u0430\u0440\u0442\u043d\u0438\u0439 \u0430\u043d\u0430\u043b\u043e\u0433\u043e\u0432\u0438\u0439 \u0456\u043d\u0442\u0435\u0440\u0444\u0435\u0439\u0441 RS232 \u0442\u0430 \u0456\u043d\u0442\u0435\u0440\u0444\u0435\u0439\u0441 \u0437\u0432&#8217;\u044f\u0437\u043a\u0443 (LAN \u043f\u043e\u0440\u0442) \u0434\u043b\u044f \u043f\u0456\u0434\u043a\u043b\u044e\u0447\u0435\u043d\u043d\u044f \u0434\u043e \u0441\u043f\u0435\u0446\u0456\u0430\u043b\u0456\u0437\u043e\u0432\u0430\u043d\u043e\u0457 \u043c\u0435\u0440\u0435\u0436\u0456 \u0442\u0430 \u043d\u0430\u043b\u0430\u0448\u0442\u0443\u0432\u0430\u043d\u043d\u044f \u0431\u0430\u0437\u0438 \u0415\u041a\u0413.<br \/>USB \u043f\u043e\u0440\u0442 \u0437\u0430\u0431\u0435\u0437\u043f\u0435\u0447\u0443\u0454 \u043a\u043e\u043f\u0456\u044e\u0432\u0430\u043d\u043d\u044f \u0415\u041a\u0413 \u0437\u0430\u043f\u0438\u0441\u0456\u0432 \u043d\u0430 USB \u0444\u043b\u0435\u0448 \u0434\u0438\u0441\u043a \u0442\u0430 \u043e\u043d\u043e\u0432\u043b\u0435\u043d\u043d\u044f \u043f\u0440\u043e\u0433\u0440\u0430\u043c\u043d\u043e\u0433\u043e \u0437\u0430\u0431\u0435\u0437\u043f\u0435\u0447\u0435\u043d\u043d\u044f.<br \/>\u0412\u0431\u0443\u0434\u043e\u0432\u0430\u043d\u0430 \u043b\u0456\u0442\u0456\u0454\u0432\u0430 \u0431\u0430\u0442\u0430\u0440\u0435\u044f \u0432\u0435\u043b\u0438\u043a\u043e\u0457 \u0454\u043c\u043d\u043e\u0441\u0442\u0456, \u0449\u043e \u043f\u0435\u0440\u0435\u0437\u0430\u0440\u044f\u0434\u0436\u0430\u0454\u0442\u044c\u0441\u044f. \u041f\u043e\u0432\u043d\u0456\u0441\u0442\u044e \u0437\u0430\u0440\u044f\u0434\u0436\u0435\u043d\u0430 \u0431\u0430\u0442\u0430\u0440\u0435\u044f \u0437\u0430\u0431\u0435\u0437\u043f\u0435\u0447\u0443\u0454 \u0440\u043e\u0431\u043e\u0442\u0443 \u043f\u0440\u0438\u043b\u0430\u0434\u0443 \u043f\u043e\u043d\u0430\u0434 2 \u0433\u043e\u0434\u0438\u043d\u0438.<br \/>\u041f\u0440\u043e\u0441\u0442\u0438\u0439 \u0442\u0430 \u0437\u0440\u0443\u0447\u043d\u0438\u0439 \u0443 \u0432\u0438\u043a\u043e\u0440\u0438\u0441\u0442\u0430\u043d\u043d\u0456.<br \/>\u041c\u0430\u043b\u0430 \u0432\u0430\u0433\u0430 \u0442\u0430 \u043a\u043e\u043c\u043f\u0430\u043a\u0442\u043d\u0438\u0439 \u0440\u043e\u0437\u043c\u0456\u0440.<br \/>\u041f\u0440\u0438\u043b\u0430\u0434 \u043a\u043e\u043c\u043f\u043b\u0435\u043a\u0442\u0443\u0454\u0442\u044c\u0441\u044f \u0432\u0438\u0441\u043e\u043a\u043e\u044f\u043a\u0456\u0441\u043d\u0438\u043c \u043a\u0430\u0431\u0435\u043b\u0435\u043c \u0415\u041a\u0413 \u0432\u0456\u0434 \u0432\u0438\u0440\u043e\u0431\u043d\u0438\u043a\u0430 \u0442\u0430 \u0431\u0430\u0433\u0430\u0442\u043e\u0440\u0430\u0437\u043e\u0432\u0438\u043c\u0438 \u0435\u043b\u0435\u043a\u0442\u0440\u043e\u0434\u0430\u043c\u0438 (AgCl) \u0443\u043a\u0440\u0430\u0457\u043d\u0441\u044c\u043a\u043e\u0433\u043e \u0432\u0438\u0440\u043e\u0431\u043d\u0438\u0446\u0442\u0432\u0430.<br \/>\u0413\u0430\u0440\u0430\u043d\u0442\u0456\u044f \u2013 24 \u043c\u0456\u0441. (\u043d\u0430 \u043a\u043e\u043c\u043f\u043b\u0435\u043a\u0442\u0443\u044e\u0447\u0456 \u2013 6 \u043c\u0456\u0441.)<\/p>\n<table border=\"1\" cellspacing=\"0\" cellpadding=\"0\">\n<tbody>\n<tr>\n<td>\u041e\u0442\u0432\u0435\u0434\u0435\u043d\u0438\u044f<\/td>\n<td>12 \u0441\u0442\u0430\u043d\u0434\u0430\u0440\u0442\u043d\u044b\u0445 \u043e\u0442\u0432\u0435\u0434\u0435\u043d\u0438\u0439 \u0441 \u0441\u0438\u043d\u0445\u0440\u043e\u043d\u043d\u044b\u043c \u0441\u043d\u044f\u0442\u0438\u0435\u043c<\/td>\n<\/tr>\n<tr>\n<td>\u0420\u0435\u0436\u0438\u043c \u0432\u044b\u0431\u043e\u0440\u043a\u0438<\/td>\n<td>\u041f\u043e\u0441\u043b\u0435\u0434\u043e\u0432\u0430\u0442\u0435\u043b\u044c\u043d\u0430\u044f \u0432\u044b\u0431\u043e\u0440\u043a\u0430 \u0433\u0440\u0443\u043f\u043f \u043e\u0442\u0432\u043e\u0434\u043e\u0432, \u0441\u0438\u043d\u0445\u0440\u043e\u043d\u043d\u0430\u044f \u0432\u044b\u0431\u043e\u0440\u043a\u0430 \u0433\u0440\u0443\u043f\u043f \u043e\u0442\u0432\u043e\u0434\u043e\u0432<\/td>\n<\/tr>\n<tr>\n<td>\u0414\u0438\u0430\u043f\u0430\u0437\u043e\u043d \u0440\u0435\u0433\u0438\u0441\u0442\u0440\u0430\u0446\u0438\u0438 \u0427\u0421\u0421<\/td>\n<td>30 \u0443\u0434. \/ \u043c\u0438\u043d &#8211; 300 \u0443\u0434. \/ \u043c\u0438\u043d<\/td>\n<\/tr>\n<tr>\n<td>\u0410\u0426 \u043f\u0440\u0435\u043e\u0431\u0440\u0430\u0437\u043e\u0432\u0430\u043d\u0438\u044f<\/td>\n<td>12-\u0440\u0430\u0437\u0440\u044f\u0434\u043d\u043e\u0435<\/td>\n<\/tr>\n<tr>\n<td>\u0427\u0430\u0441\u0442\u043e\u0442\u043d\u0430\u044f \u0445\u0430\u0440\u0430\u043a\u0442\u0435\u0440\u0438\u0441\u0442\u0438\u043a\u0430<\/td>\n<td>0,05 \u0413\u0446 \u2013 150 \u0413\u0446 (+ 0.4dB-3dB)<\/td>\n<\/tr>\n<tr>\n<td>\u041a\u043e\u044d\u0444\u0444\u0438\u0446\u0438\u0435\u043d\u0442 \u0443\u0441\u0438\u043b\u0435\u043d\u0438\u044f<\/td>\n<td>\u0410\u0412\u0422\u041e, 2.5, 5, 10, 20, 10\/5, 20\/10 (\u043c\u043c \/ \u043c\u0412), \u043f\u043e\u0433\u0440\u0435\u0448\u043d\u043e\u0441\u0442\u044c: \u00b1 2%<\/td>\n<\/tr>\n<tr>\n<td>\u0424\u0438\u043b\u044c\u0442\u0440 \u0441\u0435\u0442\u0438:<\/td>\n<td>50\u0413\u0446 \/ 60\u0413\u0446 \/ \u0412\u044b\u043a\u043b.<\/td>\n<\/tr>\n<tr>\n<td>\u0424\u0438\u043b\u044c\u0442\u0440 \u0434\u0440\u0435\u0439\u0444\u0430 \u0438\u0437\u043e\u043b\u0438\u043d\u0438\u0438<\/td>\n<td>0.05\u0413\u0446, 0.10\u0413\u0446, 0.20\u0413\u0446, 0.50\u0413\u0446<\/td>\n<\/tr>\n<tr>\n<td>\u0424\u0438\u043b\u044c\u0442\u0440 \u042d\u041c\u0413<\/td>\n<td>25\u0413\u0446, 35\u0413\u0446, 45\u0413\u0446, \u0412\u044b\u043a\u043b.<\/td>\n<\/tr>\n<tr>\n<td>\u0424\u0438\u043b\u044c\u0442\u0440 \u043d\u0438\u0436\u043d\u0438\u0445 \u0447\u0430\u0441\u0442\u043e\u0442<\/td>\n<td>75\u0413\u0446, 100\u0413\u0446, 150\u0413\u0446.<\/td>\n<\/tr>\n<tr>\n<td>\u041a\u043e\u044d\u0444\u0444\u0438\u0446\u0438\u0435\u043d\u0442 \u043e\u0441\u043b\u0430\u0431\u043b\u0435\u043d\u0438\u044f \u0441\u0438\u043d\u0444\u0430\u0437\u043d\u044b\u0445 \u043f\u043e\u043c\u0435\u0445<\/td>\n<td>\u2265 100 \u0434\u0411<\/td>\n<\/tr>\n<tr>\n<td>\u0428\u0438\u0440\u0438\u043d\u0430 \u0440\u0435\u0433\u0438\u0441\u0442\u0440\u0430\u0446\u0438\u043e\u043d\u043d\u043e\u0433\u043e \u0431\u0443\u043c\u0430\u0433\u0438<\/td>\n<td>80 \u043c\u043c (\u0440\u0443\u043b\u043e\u043d)<\/td>\n<\/tr>\n<tr>\n<td>\u042d\u0444\u0444\u0435\u043a\u0442\u0438\u0432\u043d\u0430\u044f \u0448\u0438\u0440\u0438\u043d\u0430 \u043f\u0435\u0447\u0430\u0442\u0438<\/td>\n<td>72 \u043c\u043c<\/td>\n<\/tr>\n<tr>\n<td>\u0421\u043a\u043e\u0440\u043e\u0441\u0442\u044c \u043f\u043e\u0434\u0430\u0447\u0438 \u0431\u0443\u043c\u0430\u0433\u0438<\/td>\n<td>5\u043c\u043c\/\u0441, 10\u043c\u043c\/\u0441, 12,5\u043c\u043c\/\u0441, 25\u043c\u043c\/\u0441, 50\u043c\u043c\/\u0441 (\u00b12%)<\/td>\n<\/tr>\n<tr>\n<td>\u041f\u043e\u0440\u0442\u044b \u043f\u0440\u0438\u0431\u043e\u0440\u0430<\/td>\n<td>RS232, USB, LAN<\/td>\n<\/tr>\n<tr>\n<td>\u0414\u0438\u0441\u043f\u043b\u0435\u0439<\/td>\n<td>\u0426\u0432\u0435\u0442\u043d\u043e\u0439 \u0416\u041a-\u0434\u0438\u0441\u043f\u043b\u0435\u0439.<br \/>\u0420\u0430\u0437\u0440\u0435\u0448\u0435\u043d\u0438\u0435 320\u00d7240,3.5 \u0434\u044e\u0439\u043c\u043e\u0432<\/td>\n<\/tr>\n<tr>\n<td>\u041f\u0430\u043c\u044f\u0442\u044c<\/td>\n<td>250 \u0437\u0430\u043f\u0438\u0441\u0435\u0439<\/td>\n<\/tr>\n<tr>\n<td>\u042d\u043b\u0435\u043a\u0442\u0440\u043e\u043f\u0438\u0442\u0430\u043d\u0438\u044f<\/td>\n<td>220\u0412-, 50\/60 \u0413\u0446, 35 \u0412\u0410<\/td>\n<\/tr>\n<tr>\n<td>\u0410\u043a\u043a\u0443\u043c\u0443\u043b\u044f\u0442\u043e\u0440<\/td>\n<td>14,4 \u0412 ,1600 \u043c\u0410\u0433\u043e\u0434, \u043b\u0438\u0442\u0438\u0435\u0432\u044b\u0439<\/td>\n<\/tr>\n<tr>\n<td>\u0440\u0430\u0437\u043c\u0435\u0440\u044b<\/td>\n<td>277\u043c\u043c\u00d7317\u043c\u043c\u00d765\u043c\u043c<\/td>\n<\/tr>\n<tr>\n<td>\u0412\u0435\u0441<\/td>\n<td>2,3 \u043a\u0433<\/td>\n<\/tr>\n<\/tbody>\n<\/table>\n","protected":false},"excerpt":{"rendered":"<p><\/p>\n","protected":false},"featured_media":23514,"template":"","meta":{"_acf_changed":false},"product_brand":[],"product_cat":[409,417],"product_tag":[609],"class_list":{"0":"post-21940","1":"product","2":"type-product","3":"status-publish","4":"has-post-thumbnail","6":"product_cat-diagnostychne-obladnannya","7":"product_cat-ekg-ta-pulsoksymetry","8":"product_tag-elektrokardiograf-uk","10":"first","11":"instock","12":"product-type-simple"},"acf":[],"yoast_head":"<!-- This site is optimized with the Yoast SEO Premium plugin v26.3 (Yoast SEO v26.3) - https:\/\/yoast.com\/wordpress\/plugins\/seo\/ -->\n<title>\u0415\u043b\u0435\u043a\u0442\u0440\u043e\u043a\u0430\u0440\u0434\u0456\u043e\u0433\u0440\u0430\u0444 BE 300, 3-\u043a\u0430\u043d\u0430\u043b\u044c\u043d\u0438\u0439 (color) - \u041c\u0435\u0433\u0430 \u041c\u0435\u0434 \u041c\u0430\u0440\u043a\u0435\u0442<\/title>\n<meta name=\"robots\" content=\"index, follow, max-snippet:-1, max-image-preview:large, max-video-preview:-1\" \/>\n<link rel=\"canonical\" href=\"https:\/\/med-mm.ua\/uk\/product\/elektrokardiograf-be-300-3-kanalnyj-color\/\" \/>\n<meta property=\"og:locale\" content=\"uk_UA\" \/>\n<meta property=\"og:type\" content=\"article\" \/>\n<meta property=\"og:title\" content=\"\u0415\u043b\u0435\u043a\u0442\u0440\u043e\u043a\u0430\u0440\u0434\u0456\u043e\u0433\u0440\u0430\u0444 BE 300, 3-\u043a\u0430\u043d\u0430\u043b\u044c\u043d\u0438\u0439 (color)\" \/>\n<meta property=\"og:url\" content=\"https:\/\/med-mm.ua\/uk\/product\/elektrokardiograf-be-300-3-kanalnyj-color\/\" \/>\n<meta property=\"og:site_name\" content=\"\u041c\u0435\u0433\u0430 \u041c\u0435\u0434 \u041c\u0430\u0440\u043a\u0435\u0442\" \/>\n<meta property=\"article:modified_time\" content=\"2024-08-07T09:54:07+00:00\" \/>\n<meta name=\"twitter:card\" content=\"summary_large_image\" \/>\n<meta name=\"twitter:label1\" content=\"\u0426\u0456\u043d\u0430\" \/>\n\t<meta name=\"twitter:data1\" content=\"\" \/>\n\t<meta name=\"twitter:label2\" content=\"\u0414\u043e\u0441\u0442\u0443\u043f\u043d\u0456\u0441\u0442\u044c\" \/>\n\t<meta name=\"twitter:data2\" content=\"\u041d\u0430 \u0441\u043a\u043b\u0430\u0434\u0456\" \/>\n<script type=\"application\/ld+json\" class=\"yoast-schema-graph\">{\"@context\":\"https:\/\/schema.org\",\"@graph\":[{\"@type\":\"WebPage\",\"@id\":\"https:\/\/med-mm.ua\/uk\/product\/elektrokardiograf-be-300-3-kanalnyj-color\/\",\"url\":\"https:\/\/med-mm.ua\/uk\/product\/elektrokardiograf-be-300-3-kanalnyj-color\/\",\"name\":\"\u0415\u043b\u0435\u043a\u0442\u0440\u043e\u043a\u0430\u0440\u0434\u0456\u043e\u0433\u0440\u0430\u0444 BE 300, 3-\u043a\u0430\u043d\u0430\u043b\u044c\u043d\u0438\u0439 (color) - \u041c\u0435\u0433\u0430 \u041c\u0435\u0434 \u041c\u0430\u0440\u043a\u0435\u0442\",\"isPartOf\":{\"@id\":\"https:\/\/med-mm.ua\/#website\"},\"primaryImageOfPage\":{\"@id\":\"https:\/\/med-mm.ua\/uk\/product\/elektrokardiograf-be-300-3-kanalnyj-color\/#primaryimage\"},\"image\":{\"@id\":\"https:\/\/med-mm.ua\/uk\/product\/elektrokardiograf-be-300-3-kanalnyj-color\/#primaryimage\"},\"thumbnailUrl\":\"https:\/\/med-mm.ua\/wp-content\/uploads\/2023\/10\/elektrokardiograf-be300_1.jpg\",\"datePublished\":\"2023-10-12T11:35:03+00:00\",\"dateModified\":\"2024-08-07T09:54:07+00:00\",\"breadcrumb\":{\"@id\":\"https:\/\/med-mm.ua\/uk\/product\/elektrokardiograf-be-300-3-kanalnyj-color\/#breadcrumb\"},\"inLanguage\":\"uk\",\"potentialAction\":[{\"@type\":\"ReadAction\",\"target\":[\"https:\/\/med-mm.ua\/uk\/product\/elektrokardiograf-be-300-3-kanalnyj-color\/\"]}]},{\"@type\":\"ImageObject\",\"inLanguage\":\"uk\",\"@id\":\"https:\/\/med-mm.ua\/uk\/product\/elektrokardiograf-be-300-3-kanalnyj-color\/#primaryimage\",\"url\":\"https:\/\/med-mm.ua\/wp-content\/uploads\/2023\/10\/elektrokardiograf-be300_1.jpg\",\"contentUrl\":\"https:\/\/med-mm.ua\/wp-content\/uploads\/2023\/10\/elektrokardiograf-be300_1.jpg\",\"width\":900,\"height\":900},{\"@type\":\"BreadcrumbList\",\"@id\":\"https:\/\/med-mm.ua\/uk\/product\/elektrokardiograf-be-300-3-kanalnyj-color\/#breadcrumb\",\"itemListElement\":[{\"@type\":\"ListItem\",\"position\":1,\"name\":\"\u0413\u043b\u0430\u0432\u043d\u0430\u044f \u0441\u0442\u0440\u0430\u043d\u0438\u0446\u0430\",\"item\":\"https:\/\/med-mm.ua\/uk\/\"},{\"@type\":\"ListItem\",\"position\":2,\"name\":\"\u041a\u0430\u0442\u0430\u043b\u043e\u0433\",\"item\":\"https:\/\/med-mm.ua\/uk\/catalog\/\"},{\"@type\":\"ListItem\",\"position\":3,\"name\":\"\u0415\u043b\u0435\u043a\u0442\u0440\u043e\u043a\u0430\u0440\u0434\u0456\u043e\u0433\u0440\u0430\u0444 BE 300, 3-\u043a\u0430\u043d\u0430\u043b\u044c\u043d\u0438\u0439 (color)\"}]},{\"@type\":\"WebSite\",\"@id\":\"https:\/\/med-mm.ua\/#website\",\"url\":\"https:\/\/med-mm.ua\/\",\"name\":\"\u0422\u041e\u0412 \u041c\u0435\u0433\u0430\u041c\u0435\u0434\u041c\u0430\u0440\u043a\u0435\u0442\",\"description\":\"\u041c\u0435\u0434\u0438\u0447\u043d\u0435 \u043e\u0431\u043b\u0430\u0434\u043d\u0430\u043d\u043d\u044f \u0442\u0430 \u043c\u0435\u0431\u043b\u0456\",\"publisher\":{\"@id\":\"https:\/\/med-mm.ua\/#organization\"},\"alternateName\":\"\u041c\u0435\u0433\u0430 \u041c\u0435\u0434 \u041c\u0430\u0440\u043a\u0435\u0442\",\"potentialAction\":[{\"@type\":\"SearchAction\",\"target\":{\"@type\":\"EntryPoint\",\"urlTemplate\":\"https:\/\/med-mm.ua\/?s={search_term_string}\"},\"query-input\":{\"@type\":\"PropertyValueSpecification\",\"valueRequired\":true,\"valueName\":\"search_term_string\"}}],\"inLanguage\":\"uk\"},{\"@type\":\"Organization\",\"@id\":\"https:\/\/med-mm.ua\/#organization\",\"name\":\"\u0422\u041e\u0412 \u041c\u0435\u0433\u0430\u041c\u0435\u0434\u041c\u0430\u0440\u043a\u0435\u0442\",\"url\":\"https:\/\/med-mm.ua\/\",\"logo\":{\"@type\":\"ImageObject\",\"inLanguage\":\"uk\",\"@id\":\"https:\/\/med-mm.ua\/#\/schema\/logo\/image\/\",\"url\":\"https:\/\/med-mm.ua\/wp-content\/uploads\/2024\/08\/medmm-favicon-2.png\",\"contentUrl\":\"https:\/\/med-mm.ua\/wp-content\/uploads\/2024\/08\/medmm-favicon-2.png\",\"width\":250,\"height\":250,\"caption\":\"\u0422\u041e\u0412 \u041c\u0435\u0433\u0430\u041c\u0435\u0434\u041c\u0430\u0440\u043a\u0435\u0442\"},\"image\":{\"@id\":\"https:\/\/med-mm.ua\/#\/schema\/logo\/image\/\"}}]}<\/script>\n<meta property=\"product:price:amount\" content=\"0.00\" \/>\n<meta property=\"product:price:currency\" content=\"UAH\" \/>\n<meta property=\"og:availability\" content=\"instock\" \/>\n<meta property=\"product:availability\" content=\"instock\" \/>\n<meta property=\"product:retailer_item_id\" content=\"3673\" \/>\n<meta property=\"product:condition\" content=\"new\" \/>\n<!-- \/ Yoast SEO Premium plugin. -->","yoast_head_json":{"title":"\u0415\u043b\u0435\u043a\u0442\u0440\u043e\u043a\u0430\u0440\u0434\u0456\u043e\u0433\u0440\u0430\u0444 BE 300, 3-\u043a\u0430\u043d\u0430\u043b\u044c\u043d\u0438\u0439 (color) - \u041c\u0435\u0433\u0430 \u041c\u0435\u0434 \u041c\u0430\u0440\u043a\u0435\u0442","robots":{"index":"index","follow":"follow","max-snippet":"max-snippet:-1","max-image-preview":"max-image-preview:large","max-video-preview":"max-video-preview:-1"},"canonical":"https:\/\/med-mm.ua\/uk\/product\/elektrokardiograf-be-300-3-kanalnyj-color\/","og_locale":"uk_UA","og_type":"article","og_title":"\u0415\u043b\u0435\u043a\u0442\u0440\u043e\u043a\u0430\u0440\u0434\u0456\u043e\u0433\u0440\u0430\u0444 BE 300, 3-\u043a\u0430\u043d\u0430\u043b\u044c\u043d\u0438\u0439 (color)","og_url":"https:\/\/med-mm.ua\/uk\/product\/elektrokardiograf-be-300-3-kanalnyj-color\/","og_site_name":"\u041c\u0435\u0433\u0430 \u041c\u0435\u0434 \u041c\u0430\u0440\u043a\u0435\u0442","article_modified_time":"2024-08-07T09:54:07+00:00","twitter_card":"summary_large_image","twitter_misc":{"\u0426\u0456\u043d\u0430":"","\u0414\u043e\u0441\u0442\u0443\u043f\u043d\u0456\u0441\u0442\u044c":"\u041d\u0430 \u0441\u043a\u043b\u0430\u0434\u0456"},"schema":{"@context":"https:\/\/schema.org","@graph":[{"@type":"WebPage","@id":"https:\/\/med-mm.ua\/uk\/product\/elektrokardiograf-be-300-3-kanalnyj-color\/","url":"https:\/\/med-mm.ua\/uk\/product\/elektrokardiograf-be-300-3-kanalnyj-color\/","name":"\u0415\u043b\u0435\u043a\u0442\u0440\u043e\u043a\u0430\u0440\u0434\u0456\u043e\u0433\u0440\u0430\u0444 BE 300, 3-\u043a\u0430\u043d\u0430\u043b\u044c\u043d\u0438\u0439 (color) - \u041c\u0435\u0433\u0430 \u041c\u0435\u0434 \u041c\u0430\u0440\u043a\u0435\u0442","isPartOf":{"@id":"https:\/\/med-mm.ua\/#website"},"primaryImageOfPage":{"@id":"https:\/\/med-mm.ua\/uk\/product\/elektrokardiograf-be-300-3-kanalnyj-color\/#primaryimage"},"image":{"@id":"https:\/\/med-mm.ua\/uk\/product\/elektrokardiograf-be-300-3-kanalnyj-color\/#primaryimage"},"thumbnailUrl":"https:\/\/med-mm.ua\/wp-content\/uploads\/2023\/10\/elektrokardiograf-be300_1.jpg","datePublished":"2023-10-12T11:35:03+00:00","dateModified":"2024-08-07T09:54:07+00:00","breadcrumb":{"@id":"https:\/\/med-mm.ua\/uk\/product\/elektrokardiograf-be-300-3-kanalnyj-color\/#breadcrumb"},"inLanguage":"uk","potentialAction":[{"@type":"ReadAction","target":["https:\/\/med-mm.ua\/uk\/product\/elektrokardiograf-be-300-3-kanalnyj-color\/"]}]},{"@type":"ImageObject","inLanguage":"uk","@id":"https:\/\/med-mm.ua\/uk\/product\/elektrokardiograf-be-300-3-kanalnyj-color\/#primaryimage","url":"https:\/\/med-mm.ua\/wp-content\/uploads\/2023\/10\/elektrokardiograf-be300_1.jpg","contentUrl":"https:\/\/med-mm.ua\/wp-content\/uploads\/2023\/10\/elektrokardiograf-be300_1.jpg","width":900,"height":900},{"@type":"BreadcrumbList","@id":"https:\/\/med-mm.ua\/uk\/product\/elektrokardiograf-be-300-3-kanalnyj-color\/#breadcrumb","itemListElement":[{"@type":"ListItem","position":1,"name":"\u0413\u043b\u0430\u0432\u043d\u0430\u044f \u0441\u0442\u0440\u0430\u043d\u0438\u0446\u0430","item":"https:\/\/med-mm.ua\/uk\/"},{"@type":"ListItem","position":2,"name":"\u041a\u0430\u0442\u0430\u043b\u043e\u0433","item":"https:\/\/med-mm.ua\/uk\/catalog\/"},{"@type":"ListItem","position":3,"name":"\u0415\u043b\u0435\u043a\u0442\u0440\u043e\u043a\u0430\u0440\u0434\u0456\u043e\u0433\u0440\u0430\u0444 BE 300, 3-\u043a\u0430\u043d\u0430\u043b\u044c\u043d\u0438\u0439 (color)"}]},{"@type":"WebSite","@id":"https:\/\/med-mm.ua\/#website","url":"https:\/\/med-mm.ua\/","name":"\u0422\u041e\u0412 \u041c\u0435\u0433\u0430\u041c\u0435\u0434\u041c\u0430\u0440\u043a\u0435\u0442","description":"\u041c\u0435\u0434\u0438\u0447\u043d\u0435 \u043e\u0431\u043b\u0430\u0434\u043d\u0430\u043d\u043d\u044f \u0442\u0430 \u043c\u0435\u0431\u043b\u0456","publisher":{"@id":"https:\/\/med-mm.ua\/#organization"},"alternateName":"\u041c\u0435\u0433\u0430 \u041c\u0435\u0434 \u041c\u0430\u0440\u043a\u0435\u0442","potentialAction":[{"@type":"SearchAction","target":{"@type":"EntryPoint","urlTemplate":"https:\/\/med-mm.ua\/?s={search_term_string}"},"query-input":{"@type":"PropertyValueSpecification","valueRequired":true,"valueName":"search_term_string"}}],"inLanguage":"uk"},{"@type":"Organization","@id":"https:\/\/med-mm.ua\/#organization","name":"\u0422\u041e\u0412 \u041c\u0435\u0433\u0430\u041c\u0435\u0434\u041c\u0430\u0440\u043a\u0435\u0442","url":"https:\/\/med-mm.ua\/","logo":{"@type":"ImageObject","inLanguage":"uk","@id":"https:\/\/med-mm.ua\/#\/schema\/logo\/image\/","url":"https:\/\/med-mm.ua\/wp-content\/uploads\/2024\/08\/medmm-favicon-2.png","contentUrl":"https:\/\/med-mm.ua\/wp-content\/uploads\/2024\/08\/medmm-favicon-2.png","width":250,"height":250,"caption":"\u0422\u041e\u0412 \u041c\u0435\u0433\u0430\u041c\u0435\u0434\u041c\u0430\u0440\u043a\u0435\u0442"},"image":{"@id":"https:\/\/med-mm.ua\/#\/schema\/logo\/image\/"}}]},"product_price_amount":"0.00","product_price_currency":"UAH","og_availability":"instock","product_availability":"instock","product_retailer_item_id":"3673","product_condition":"new"},"_links":{"self":[{"href":"https:\/\/med-mm.ua\/uk\/wp-json\/wp\/v2\/product\/21940","targetHints":{"allow":["GET"]}}],"collection":[{"href":"https:\/\/med-mm.ua\/uk\/wp-json\/wp\/v2\/product"}],"about":[{"href":"https:\/\/med-mm.ua\/uk\/wp-json\/wp\/v2\/types\/product"}],"version-history":[{"count":2,"href":"https:\/\/med-mm.ua\/uk\/wp-json\/wp\/v2\/product\/21940\/revisions"}],"predecessor-version":[{"id":23512,"href":"https:\/\/med-mm.ua\/uk\/wp-json\/wp\/v2\/product\/21940\/revisions\/23512"}],"wp:featuredmedia":[{"embeddable":true,"href":"https:\/\/med-mm.ua\/uk\/wp-json\/wp\/v2\/media\/23514"}],"wp:attachment":[{"href":"https:\/\/med-mm.ua\/uk\/wp-json\/wp\/v2\/media?parent=21940"}],"wp:term":[{"taxonomy":"product_brand","embeddable":true,"href":"https:\/\/med-mm.ua\/uk\/wp-json\/wp\/v2\/product_brand?post=21940"},{"taxonomy":"product_cat","embeddable":true,"href":"https:\/\/med-mm.ua\/uk\/wp-json\/wp\/v2\/product_cat?post=21940"},{"taxonomy":"product_tag","embeddable":true,"href":"https:\/\/med-mm.ua\/uk\/wp-json\/wp\/v2\/product_tag?post=21940"}],"curies":[{"name":"wp","href":"https:\/\/api.w.org\/{rel}","templated":true}]}}