{"id":37595,"date":"2026-02-25T15:38:14","date_gmt":"2026-02-25T12:38:14","guid":{"rendered":"https:\/\/med-mm.ua\/?post_type=product&#038;p=37595"},"modified":"2026-02-25T15:40:07","modified_gmt":"2026-02-25T12:40:07","slug":"medichnij-printer-imax-250-kopirovat","status":"publish","type":"product","link":"https:\/\/med-mm.ua\/uk\/product\/medichnij-printer-imax-250-kopirovat\/","title":{"rendered":"\u041c\u0435\u0434\u0438\u0447\u043d\u0438\u0439 \u043f\u0440\u0438\u043d\u0442\u0435\u0440 IMAX 360"},"content":{"rendered":"<p><strong>\u041c\u0435\u0434\u0438\u0447\u043d\u0438\u0439 \u043f\u0440\u0438\u043d\u0442\u0435\u0440 IMAX 360<\/strong><\/p>\n<p><strong>\u041e\u0441\u043e\u0431\u043b\u0438\u0432\u043e\u0441\u0442\u0456:<\/strong><\/p>\n<ul>\n<li>\u0420\u043e\u0437\u043f\u043e\u0434\u0456\u043b\u044c\u0447\u0430 \u0437\u0434\u0430\u0442\u043d\u0456\u0441\u0442\u044c 508 dpi<\/li>\n<li>\u0414\u0440\u0443\u043a \u043d\u0430 \u043f\u043b\u0456\u0432\u0446\u0456 \u0440\u043e\u0437\u043c\u0456\u0440\u0430\u043c\u0438 14\u00d717, 11\u00d714, 10\u00d712, 8\u00d710<\/li>\n<li>\u041f\u0456\u0434\u0442\u0440\u0438\u043c\u043a\u0430 \u0441\u0442\u0430\u043d\u0434\u0430\u0440\u0442\u0443 DICOM<\/li>\n<\/ul>\n","protected":false},"excerpt":{"rendered":"<p>\u041c\u0435\u0434\u0438\u0447\u043d\u0438\u0439 \u043f\u0440\u0438\u043d\u0442\u0435\u0440 IMAX 360 \u041e\u0441\u043e\u0431\u043b\u0438\u0432\u043e\u0441\u0442\u0456: \u0420\u043e\u0437\u043f\u043e\u0434\u0456\u043b\u044c\u0447\u0430 \u0437\u0434\u0430\u0442\u043d\u0456\u0441\u0442\u044c 508 dpi \u0414\u0440\u0443\u043a \u043d\u0430 \u043f\u043b\u0456\u0432\u0446\u0456 \u0440\u043e\u0437\u043c\u0456\u0440\u0430\u043c\u0438 14\u00d717, 11\u00d714, 10\u00d712, 8\u00d710 \u041f\u0456\u0434\u0442\u0440\u0438\u043c\u043a\u0430 \u0441\u0442\u0430\u043d\u0434\u0430\u0440\u0442\u0443 DICOM<\/p>\n","protected":false},"featured_media":37596,"template":"","meta":{"_acf_changed":false},"product_brand":[],"product_cat":[409,412],"product_tag":[],"class_list":{"0":"post-37595","1":"product","2":"type-product","3":"status-publish","4":"has-post-thumbnail","6":"product_cat-diagnostychne-obladnannya","7":"product_cat-rentgen-aparaty","9":"first","10":"instock","11":"shipping-taxable","12":"purchasable","13":"product-type-simple"},"acf":[],"yoast_head":"<!-- This site is optimized with the Yoast SEO Premium plugin v26.3 (Yoast SEO v26.3) - https:\/\/yoast.com\/wordpress\/plugins\/seo\/ -->\n<title>\u041c\u0435\u0434\u0438\u0447\u043d\u0438\u0439 \u043f\u0440\u0438\u043d\u0442\u0435\u0440 IMAX 360 - \u041c\u0435\u0433\u0430 \u041c\u0435\u0434 \u041c\u0430\u0440\u043a\u0435\u0442<\/title>\n<meta name=\"robots\" content=\"index, follow, max-snippet:-1, max-image-preview:large, max-video-preview:-1\" \/>\n<link rel=\"canonical\" href=\"https:\/\/med-mm.ua\/uk\/product\/medichnij-printer-imax-250-kopirovat\/\" \/>\n<meta property=\"og:locale\" content=\"uk_UA\" \/>\n<meta property=\"og:type\" content=\"article\" \/>\n<meta property=\"og:title\" content=\"\u041c\u0435\u0434\u0438\u0447\u043d\u0438\u0439 \u043f\u0440\u0438\u043d\u0442\u0435\u0440 IMAX 360\" \/>\n<meta property=\"og:description\" content=\"\u041c\u0435\u0434\u0438\u0447\u043d\u0438\u0439 \u043f\u0440\u0438\u043d\u0442\u0435\u0440 IMAX 360 \u041e\u0441\u043e\u0431\u043b\u0438\u0432\u043e\u0441\u0442\u0456: \u0420\u043e\u0437\u043f\u043e\u0434\u0456\u043b\u044c\u0447\u0430 \u0437\u0434\u0430\u0442\u043d\u0456\u0441\u0442\u044c 508 dpi \u0414\u0440\u0443\u043a \u043d\u0430 \u043f\u043b\u0456\u0432\u0446\u0456 \u0440\u043e\u0437\u043c\u0456\u0440\u0430\u043c\u0438 14\u00d717, 11\u00d714, 10\u00d712, 8\u00d710 \u041f\u0456\u0434\u0442\u0440\u0438\u043c\u043a\u0430 \u0441\u0442\u0430\u043d\u0434\u0430\u0440\u0442\u0443 DICOM\" \/>\n<meta property=\"og:url\" content=\"https:\/\/med-mm.ua\/uk\/product\/medichnij-printer-imax-250-kopirovat\/\" \/>\n<meta property=\"og:site_name\" content=\"\u041c\u0435\u0433\u0430 \u041c\u0435\u0434 \u041c\u0430\u0440\u043a\u0435\u0442\" \/>\n<meta property=\"article:modified_time\" content=\"2026-02-25T12:40:07+00:00\" \/>\n<meta name=\"twitter:card\" content=\"summary_large_image\" \/>\n<meta name=\"twitter:label1\" content=\"\u0426\u0456\u043d\u0430\" \/>\n\t<meta name=\"twitter:data1\" content=\"430,000.00&#8372;\" \/>\n\t<meta name=\"twitter:label2\" content=\"\u0414\u043e\u0441\u0442\u0443\u043f\u043d\u0456\u0441\u0442\u044c\" \/>\n\t<meta name=\"twitter:data2\" content=\"\u041d\u0430 \u0441\u043a\u043b\u0430\u0434\u0456\" \/>\n<script type=\"application\/ld+json\" class=\"yoast-schema-graph\">{\"@context\":\"https:\/\/schema.org\",\"@graph\":[{\"@type\":\"WebPage\",\"@id\":\"https:\/\/med-mm.ua\/uk\/product\/medichnij-printer-imax-250-kopirovat\/\",\"url\":\"https:\/\/med-mm.ua\/uk\/product\/medichnij-printer-imax-250-kopirovat\/\",\"name\":\"\u041c\u0435\u0434\u0438\u0447\u043d\u0438\u0439 \u043f\u0440\u0438\u043d\u0442\u0435\u0440 IMAX 360 - \u041c\u0435\u0433\u0430 \u041c\u0435\u0434 \u041c\u0430\u0440\u043a\u0435\u0442\",\"isPartOf\":{\"@id\":\"https:\/\/med-mm.ua\/#website\"},\"primaryImageOfPage\":{\"@id\":\"https:\/\/med-mm.ua\/uk\/product\/medichnij-printer-imax-250-kopirovat\/#primaryimage\"},\"image\":{\"@id\":\"https:\/\/med-mm.ua\/uk\/product\/medichnij-printer-imax-250-kopirovat\/#primaryimage\"},\"thumbnailUrl\":\"https:\/\/med-mm.ua\/wp-content\/uploads\/2026\/02\/med-printer_imah-360.jpg\",\"datePublished\":\"2026-02-25T12:38:14+00:00\",\"dateModified\":\"2026-02-25T12:40:07+00:00\",\"breadcrumb\":{\"@id\":\"https:\/\/med-mm.ua\/uk\/product\/medichnij-printer-imax-250-kopirovat\/#breadcrumb\"},\"inLanguage\":\"uk\",\"potentialAction\":[{\"@type\":\"ReadAction\",\"target\":[\"https:\/\/med-mm.ua\/uk\/product\/medichnij-printer-imax-250-kopirovat\/\"]}]},{\"@type\":\"ImageObject\",\"inLanguage\":\"uk\",\"@id\":\"https:\/\/med-mm.ua\/uk\/product\/medichnij-printer-imax-250-kopirovat\/#primaryimage\",\"url\":\"https:\/\/med-mm.ua\/wp-content\/uploads\/2026\/02\/med-printer_imah-360.jpg\",\"contentUrl\":\"https:\/\/med-mm.ua\/wp-content\/uploads\/2026\/02\/med-printer_imah-360.jpg\",\"width\":900,\"height\":900},{\"@type\":\"BreadcrumbList\",\"@id\":\"https:\/\/med-mm.ua\/uk\/product\/medichnij-printer-imax-250-kopirovat\/#breadcrumb\",\"itemListElement\":[{\"@type\":\"ListItem\",\"position\":1,\"name\":\"\u0413\u043b\u0430\u0432\u043d\u0430\u044f \u0441\u0442\u0440\u0430\u043d\u0438\u0446\u0430\",\"item\":\"https:\/\/med-mm.ua\/\"},{\"@type\":\"ListItem\",\"position\":2,\"name\":\"\u041a\u0430\u0442\u0430\u043b\u043e\u0433\",\"item\":\"https:\/\/med-mm.ua\/uk\/catalog\/\"},{\"@type\":\"ListItem\",\"position\":3,\"name\":\"\u041c\u0435\u0434\u0438\u0447\u043d\u0438\u0439 \u043f\u0440\u0438\u043d\u0442\u0435\u0440 IMAX 360\"}]},{\"@type\":\"WebSite\",\"@id\":\"https:\/\/med-mm.ua\/#website\",\"url\":\"https:\/\/med-mm.ua\/\",\"name\":\"\u0422\u041e\u0412 \u041c\u0435\u0433\u0430\u041c\u0435\u0434\u041c\u0430\u0440\u043a\u0435\u0442\",\"description\":\"\u041c\u0435\u0434\u0438\u0447\u043d\u0435 \u043e\u0431\u043b\u0430\u0434\u043d\u0430\u043d\u043d\u044f \u0442\u0430 \u043c\u0435\u0431\u043b\u0456\",\"publisher\":{\"@id\":\"https:\/\/med-mm.ua\/#organization\"},\"alternateName\":\"\u041c\u0435\u0433\u0430 \u041c\u0435\u0434 \u041c\u0430\u0440\u043a\u0435\u0442\",\"potentialAction\":[{\"@type\":\"SearchAction\",\"target\":{\"@type\":\"EntryPoint\",\"urlTemplate\":\"https:\/\/med-mm.ua\/?s={search_term_string}\"},\"query-input\":{\"@type\":\"PropertyValueSpecification\",\"valueRequired\":true,\"valueName\":\"search_term_string\"}}],\"inLanguage\":\"uk\"},{\"@type\":\"Organization\",\"@id\":\"https:\/\/med-mm.ua\/#organization\",\"name\":\"\u0422\u041e\u0412 \u041c\u0435\u0433\u0430\u041c\u0435\u0434\u041c\u0430\u0440\u043a\u0435\u0442\",\"url\":\"https:\/\/med-mm.ua\/\",\"logo\":{\"@type\":\"ImageObject\",\"inLanguage\":\"uk\",\"@id\":\"https:\/\/med-mm.ua\/#\/schema\/logo\/image\/\",\"url\":\"https:\/\/med-mm.ua\/wp-content\/uploads\/2024\/08\/medmm-favicon-2.png\",\"contentUrl\":\"https:\/\/med-mm.ua\/wp-content\/uploads\/2024\/08\/medmm-favicon-2.png\",\"width\":250,\"height\":250,\"caption\":\"\u0422\u041e\u0412 \u041c\u0435\u0433\u0430\u041c\u0435\u0434\u041c\u0430\u0440\u043a\u0435\u0442\"},\"image\":{\"@id\":\"https:\/\/med-mm.ua\/#\/schema\/logo\/image\/\"}}]}<\/script>\n<meta property=\"product:price:amount\" content=\"430000.00\" \/>\n<meta property=\"product:price:currency\" content=\"UAH\" \/>\n<meta property=\"og:availability\" content=\"instock\" \/>\n<meta property=\"product:availability\" content=\"instock\" \/>\n<meta property=\"product:retailer_item_id\" content=\"9859-1\" \/>\n<meta property=\"product:condition\" content=\"new\" \/>\n<!-- \/ Yoast SEO Premium plugin. -->","yoast_head_json":{"title":"\u041c\u0435\u0434\u0438\u0447\u043d\u0438\u0439 \u043f\u0440\u0438\u043d\u0442\u0435\u0440 IMAX 360 - \u041c\u0435\u0433\u0430 \u041c\u0435\u0434 \u041c\u0430\u0440\u043a\u0435\u0442","robots":{"index":"index","follow":"follow","max-snippet":"max-snippet:-1","max-image-preview":"max-image-preview:large","max-video-preview":"max-video-preview:-1"},"canonical":"https:\/\/med-mm.ua\/uk\/product\/medichnij-printer-imax-250-kopirovat\/","og_locale":"uk_UA","og_type":"article","og_title":"\u041c\u0435\u0434\u0438\u0447\u043d\u0438\u0439 \u043f\u0440\u0438\u043d\u0442\u0435\u0440 IMAX 360","og_description":"\u041c\u0435\u0434\u0438\u0447\u043d\u0438\u0439 \u043f\u0440\u0438\u043d\u0442\u0435\u0440 IMAX 360 \u041e\u0441\u043e\u0431\u043b\u0438\u0432\u043e\u0441\u0442\u0456: \u0420\u043e\u0437\u043f\u043e\u0434\u0456\u043b\u044c\u0447\u0430 \u0437\u0434\u0430\u0442\u043d\u0456\u0441\u0442\u044c 508 dpi \u0414\u0440\u0443\u043a \u043d\u0430 \u043f\u043b\u0456\u0432\u0446\u0456 \u0440\u043e\u0437\u043c\u0456\u0440\u0430\u043c\u0438 14\u00d717, 11\u00d714, 10\u00d712, 8\u00d710 \u041f\u0456\u0434\u0442\u0440\u0438\u043c\u043a\u0430 \u0441\u0442\u0430\u043d\u0434\u0430\u0440\u0442\u0443 DICOM","og_url":"https:\/\/med-mm.ua\/uk\/product\/medichnij-printer-imax-250-kopirovat\/","og_site_name":"\u041c\u0435\u0433\u0430 \u041c\u0435\u0434 \u041c\u0430\u0440\u043a\u0435\u0442","article_modified_time":"2026-02-25T12:40:07+00:00","twitter_card":"summary_large_image","twitter_misc":{"\u0426\u0456\u043d\u0430":"430,000.00&#8372;","\u0414\u043e\u0441\u0442\u0443\u043f\u043d\u0456\u0441\u0442\u044c":"\u041d\u0430 \u0441\u043a\u043b\u0430\u0434\u0456"},"schema":{"@context":"https:\/\/schema.org","@graph":[{"@type":"WebPage","@id":"https:\/\/med-mm.ua\/uk\/product\/medichnij-printer-imax-250-kopirovat\/","url":"https:\/\/med-mm.ua\/uk\/product\/medichnij-printer-imax-250-kopirovat\/","name":"\u041c\u0435\u0434\u0438\u0447\u043d\u0438\u0439 \u043f\u0440\u0438\u043d\u0442\u0435\u0440 IMAX 360 - \u041c\u0435\u0433\u0430 \u041c\u0435\u0434 \u041c\u0430\u0440\u043a\u0435\u0442","isPartOf":{"@id":"https:\/\/med-mm.ua\/#website"},"primaryImageOfPage":{"@id":"https:\/\/med-mm.ua\/uk\/product\/medichnij-printer-imax-250-kopirovat\/#primaryimage"},"image":{"@id":"https:\/\/med-mm.ua\/uk\/product\/medichnij-printer-imax-250-kopirovat\/#primaryimage"},"thumbnailUrl":"https:\/\/med-mm.ua\/wp-content\/uploads\/2026\/02\/med-printer_imah-360.jpg","datePublished":"2026-02-25T12:38:14+00:00","dateModified":"2026-02-25T12:40:07+00:00","breadcrumb":{"@id":"https:\/\/med-mm.ua\/uk\/product\/medichnij-printer-imax-250-kopirovat\/#breadcrumb"},"inLanguage":"uk","potentialAction":[{"@type":"ReadAction","target":["https:\/\/med-mm.ua\/uk\/product\/medichnij-printer-imax-250-kopirovat\/"]}]},{"@type":"ImageObject","inLanguage":"uk","@id":"https:\/\/med-mm.ua\/uk\/product\/medichnij-printer-imax-250-kopirovat\/#primaryimage","url":"https:\/\/med-mm.ua\/wp-content\/uploads\/2026\/02\/med-printer_imah-360.jpg","contentUrl":"https:\/\/med-mm.ua\/wp-content\/uploads\/2026\/02\/med-printer_imah-360.jpg","width":900,"height":900},{"@type":"BreadcrumbList","@id":"https:\/\/med-mm.ua\/uk\/product\/medichnij-printer-imax-250-kopirovat\/#breadcrumb","itemListElement":[{"@type":"ListItem","position":1,"name":"\u0413\u043b\u0430\u0432\u043d\u0430\u044f \u0441\u0442\u0440\u0430\u043d\u0438\u0446\u0430","item":"https:\/\/med-mm.ua\/"},{"@type":"ListItem","position":2,"name":"\u041a\u0430\u0442\u0430\u043b\u043e\u0433","item":"https:\/\/med-mm.ua\/uk\/catalog\/"},{"@type":"ListItem","position":3,"name":"\u041c\u0435\u0434\u0438\u0447\u043d\u0438\u0439 \u043f\u0440\u0438\u043d\u0442\u0435\u0440 IMAX 360"}]},{"@type":"WebSite","@id":"https:\/\/med-mm.ua\/#website","url":"https:\/\/med-mm.ua\/","name":"\u0422\u041e\u0412 \u041c\u0435\u0433\u0430\u041c\u0435\u0434\u041c\u0430\u0440\u043a\u0435\u0442","description":"\u041c\u0435\u0434\u0438\u0447\u043d\u0435 \u043e\u0431\u043b\u0430\u0434\u043d\u0430\u043d\u043d\u044f \u0442\u0430 \u043c\u0435\u0431\u043b\u0456","publisher":{"@id":"https:\/\/med-mm.ua\/#organization"},"alternateName":"\u041c\u0435\u0433\u0430 \u041c\u0435\u0434 \u041c\u0430\u0440\u043a\u0435\u0442","potentialAction":[{"@type":"SearchAction","target":{"@type":"EntryPoint","urlTemplate":"https:\/\/med-mm.ua\/?s={search_term_string}"},"query-input":{"@type":"PropertyValueSpecification","valueRequired":true,"valueName":"search_term_string"}}],"inLanguage":"uk"},{"@type":"Organization","@id":"https:\/\/med-mm.ua\/#organization","name":"\u0422\u041e\u0412 \u041c\u0435\u0433\u0430\u041c\u0435\u0434\u041c\u0430\u0440\u043a\u0435\u0442","url":"https:\/\/med-mm.ua\/","logo":{"@type":"ImageObject","inLanguage":"uk","@id":"https:\/\/med-mm.ua\/#\/schema\/logo\/image\/","url":"https:\/\/med-mm.ua\/wp-content\/uploads\/2024\/08\/medmm-favicon-2.png","contentUrl":"https:\/\/med-mm.ua\/wp-content\/uploads\/2024\/08\/medmm-favicon-2.png","width":250,"height":250,"caption":"\u0422\u041e\u0412 \u041c\u0435\u0433\u0430\u041c\u0435\u0434\u041c\u0430\u0440\u043a\u0435\u0442"},"image":{"@id":"https:\/\/med-mm.ua\/#\/schema\/logo\/image\/"}}]},"product_price_amount":"430000.00","product_price_currency":"UAH","og_availability":"instock","product_availability":"instock","product_retailer_item_id":"9859-1","product_condition":"new"},"_links":{"self":[{"href":"https:\/\/med-mm.ua\/uk\/wp-json\/wp\/v2\/product\/37595","targetHints":{"allow":["GET"]}}],"collection":[{"href":"https:\/\/med-mm.ua\/uk\/wp-json\/wp\/v2\/product"}],"about":[{"href":"https:\/\/med-mm.ua\/uk\/wp-json\/wp\/v2\/types\/product"}],"version-history":[{"count":2,"href":"https:\/\/med-mm.ua\/uk\/wp-json\/wp\/v2\/product\/37595\/revisions"}],"predecessor-version":[{"id":37599,"href":"https:\/\/med-mm.ua\/uk\/wp-json\/wp\/v2\/product\/37595\/revisions\/37599"}],"wp:featuredmedia":[{"embeddable":true,"href":"https:\/\/med-mm.ua\/uk\/wp-json\/wp\/v2\/media\/37596"}],"wp:attachment":[{"href":"https:\/\/med-mm.ua\/uk\/wp-json\/wp\/v2\/media?parent=37595"}],"wp:term":[{"taxonomy":"product_brand","embeddable":true,"href":"https:\/\/med-mm.ua\/uk\/wp-json\/wp\/v2\/product_brand?post=37595"},{"taxonomy":"product_cat","embeddable":true,"href":"https:\/\/med-mm.ua\/uk\/wp-json\/wp\/v2\/product_cat?post=37595"},{"taxonomy":"product_tag","embeddable":true,"href":"https:\/\/med-mm.ua\/uk\/wp-json\/wp\/v2\/product_tag?post=37595"}],"curies":[{"name":"wp","href":"https:\/\/api.w.org\/{rel}","templated":true}]}}